{"id":327,"date":"2016-08-15T09:04:20","date_gmt":"2016-08-15T09:04:20","guid":{"rendered":"http:\/\/kroth:8888\/?page_id=327"},"modified":"2022-09-19T04:37:17","modified_gmt":"2022-09-19T09:37:17","slug":"home-4","status":"publish","type":"page","link":"https:\/\/iseyco.com\/","title":{"rendered":"Iseyco Ecuador"},"content":{"rendered":"<p>[vc_section el_id=\u00bbproductos\u00bb][vc_row full_width=\u00bbstretch_row\u00bb full_height=\u00bbyes\u00bb css_animation=\u00bbslideInLeft\u00bb overlay_dotted=\u00bb\u00bb css=\u00bb.vc_custom_1631652439929{background-color: #f2f2f2 !important;}\u00bb][vc_column][vc_empty_space][vc_column_text]<\/p>\n<p style=\"text-align: center;\"><style>.sp-wcsp-slider-area.sp-wcsp-slider-area-1696 .sp-wcsp-section-title {\n\t\tmargin: 0px 0px -20px 0px;\n\t\tcolor: #444444;\n\t\tfont-size: 20px;\n\t\tline-height: 20px;\n\t\tletter-spacing: 0;\n\t\ttext-transform: none;\n\t\ttext-align: left;\n\t\tfont-weight: 600;\n\t}.sp-wcsp-slider-area #sp-wcsp-slider-section-1696 .sp-wcsp-cat-item .sp-wcsp-cat-details .sp-wcsp-cat-desc {\n\t\tmargin: 0px 0px 14px 0px;\n\t\tcolor: #444444;\n\t\tfont-size: 14px;\n\t\tline-height: 18px;\n\t\tletter-spacing: 0;\n\t\ttext-transform: none;\n\t\ttext-align: center;\n\t\tpadding: 0;\n\t\tfont-weight: 400;\n\t\tfont-style: normal;\n\t}.sp-wcsp-slider-area #sp-wcsp-slider-section-1696 .sp-wcsp-cat-item .sp-wcsp-cat-details .sp-wcsp-cat-details-content .sp-wcsp-cat-name {\n\t\ttext-align: center;\n\t}\n\t.sp-wcsp-slider-area #sp-wcsp-slider-section-1696 .sp-wcsp-cat-item .sp-wcsp-cat-details .sp-wcsp-cat-details-content .sp-wcsp-cat-name a {\n\t\tmargin: 0px 0px 6px 0px;\n\t\tcolor: #444444;\n\t\tfont-size: 16px;\n\t\tline-height: 18px;\n\t\tletter-spacing: 0;\n\t\ttext-transform: none;\n\t\ttext-align: center;\n\t\tfont-weight: 700;\n\t\tfont-style: normal;\n\t}.sp-wcsp-slider-area #sp-wcsp-slider-section-1696 .sp-wcsp-cat-item .sp-wcsp-cat-details .sp-wcsp-cat-details-content {\n\tpadding: 16px 16px 16px 16px;\n}.sp-wcsp-slider-area #sp-wcsp-slider-section-1696 .sp-wcsp-cat-item .sp-wcsp-cat-thumbnail {\n\tmargin: 0px 0px 0px 0px;\n}@media (max-width: 480px) {\n\t\t.sp-wcsp-slider-area-1696 .sp-wcsp-button {\n\t\t\tdisplay: none;\n\t\t}\n\t}.sp-wcsp-slider-area-1696 .sp-wcsp-button-prev, .sp-wcsp-slider-area-1696 .sp-wcsp-button-next{\n\toutline: 1px solid #aaaaaa;\n    outline-offset: -1px;\n\tcolor: #aaaaaa;\n\tbackground: transparent;\n\theight: 30px;\n\tline-height: 28px;\n\tfont-size: 20px;\n\twidth: 30px;\n}\n.sp-wcsp-slider-area-1696 .sp-wcsp-button-prev:hover,\n.sp-wcsp-slider-area-1696 .sp-wcsp-button-next:hover{\n\toutline-color: #2c87d6;\n\tcolor: #ffffff;\n\tbackground: #2c87d6;\n}#sp-wcsp-slider-section-1696 .sp-wcsp-pagination span {\n\tmargin: 0 3px;\n\twidth: 12px;\n\theight: 12px;\n\tbackground: #aaaaaa;\n\topacity: 1;\n\tfont-size: 14px;\n\ttext-indent: -999px;\n\toverflow: hidden;\n}\n#sp-wcsp-slider-section-1696 .sp-wcsp-pagination span.swiper-pagination-bullet-active {\n\tbackground: #2c87d6;\n}\n\t.sp-wcsp-slider-area-1696{\n\t\tposition: relative;\n\t}\n\t#sp-wcsp-slider-section-1696 {\n\t\topacity: 0;\n\t}\n\t#wcsp-preloader-1696{\n\t\tposition: absolute;\n\t\tleft: 0;\n\t\ttop: 0;\n\t\theight: 100%;\n\t\twidth: 100%;\n\t\ttext-align: center;\n\t\tdisplay: flex;\n\t\talign-items: center;\n\t\tjustify-content: center;\n\t}\n\t.sp-wcsp-slider-area #sp-wcsp-slider-section-1696 .sp-wcsp-cat-item .sp-wcsp-cat-thumbnail {\n\t\t\tborder-top: 1px;\n\t\t\tborder-right: 1px;\n\t\t\tborder-bottom: 1px;\n\t\t\tborder-left: 1px;\n\t\t\tborder-style: solid;\n\t\t\tborder-color: #e2e2e2;\n\t\t}\n\t\t.sp-wcsp-slider-area #sp-wcsp-slider-section-1696 .sp-wcsp-cat-item:hover .sp-wcsp-cat-thumbnail {\n\t\t\tborder-color: #e2e2e2;\n\t\t}<\/style><div id=\"sp-wcsp-slider-area-1696\" class=\"sp-wcsp-slider-area sp-wcsp-slider-area-1696 nav-top-right content-position-thumb-above-cont-below\" data-slider='{\n\t\t\t\t\"auto_play\": 1,\n\t\t\t\t\"auto_play_speed\": 1000,\n\t\t\t\t\"standard_scroll_speed\": 300,\n\t\t\t\t\"pause_on_hover\": 1,\n\t\t\t\t\"auto_height\": 1,\n\t\t\t\t\"infinite_loop\": 1,\n\t\t\t\t\"large_desktop\": 4,\n\t\t\t\t\"space_between_cat\": 20,\n\t\t\t\t\"large_desktop_scroll\": 1,\n\t\t\t\t\"pagination\": \"hide_mobile\",\n\t\t\t\t\"navigation\": \"hide_mobile\",\n\t\t\t\t\"touch_swipe\": 1,\n\t\t\t\t\"mouse_wheel\": false,\n\t\t\t\t\"mouse_draggable\": false,\n\t\t\t\t\"breakpoints\": {\n\t\t\t\t\t\"desktop\": 3,\n\t\t\t\t\t\"laptop\": 2,\n\t\t\t\t\t\"tablet\": 2,\n\t\t\t\t\t\"mobile\": 1,\n\t\t\t\t\t\"desktop_scroll\": 1,\n\t\t\t\t\t\"laptop_scroll\": 1,\n\t\t\t\t\t\"tablet_scroll\": 1,\n\t\t\t\t\t\"mobile_scroll\": 1\n\t\t\t\t}\n\t\t\t}'><h3 class=\"sp-wcsp-section-title\">Nuestros Productos<\/h3><div id=\"wcsp-preloader-1696\" class=\"sp-wcsp-preloader\"><img decoding=\"async\" src=\" https:\/\/iseyco.com\/wp-content\/plugins\/woo-category-slider-grid\/public\/img\/preloader.gif \"\/><\/div><div id=\"sp-wcsp-slider-section-1696\" class=\"sp-wcsp-slider-section swiper-container wcsp-preloader\" ><div class=\"sp-wcsp-button\"><div class=\"sp-wcsp-button-prev\"><i class=\"fa fa-angle-left\"><\/i><\/div><div class=\"sp-wcsp-button-next\"><i class=\"fa fa-angle-right\"><\/i><\/div><\/div><div id=\"sp-wcsp-wrapper-1696\" class=\" swiper-wrapper\"><div class=\"sp-wcsp-cat-item swiper-slide\"><div class=\"sp-wcsp-cat-item-thumb-content\"><div class=\"sp-wcsp-cat-thumbnail\"><a href=\"https:\/\/iseyco.com\/?product_cat=telecomunicaciones\"><img decoding=\"async\" src=\"https:\/\/iseyco.com\/wp-content\/uploads\/2021\/09\/telecomunicaciones-02.jpg\" alt=\"Telecomunicaciones\" class=\"sp-wcsp-cat-thumb\"\/><\/a><\/div><div class=\"sp-wcsp-cat-details\"><div class=\"sp-wcsp-cat-details-content\"><div class=\"sp-wcsp-cat-name\"><a href=\"https:\/\/iseyco.com\/?product_cat=telecomunicaciones\">Telecomunicaciones (3)<\/a><\/div><\/div><\/div><\/div><\/div><div class=\"sp-wcsp-cat-item swiper-slide\"><div class=\"sp-wcsp-cat-item-thumb-content\"><div class=\"sp-wcsp-cat-thumbnail\"><a href=\"https:\/\/iseyco.com\/?product_cat=seguridad-optimizadores-de-red\"><img decoding=\"async\" src=\"https:\/\/iseyco.com\/wp-content\/uploads\/2021\/09\/seguridad-en-redes-02.jpg\" alt=\"Seguridad \u2013 Optimizadores De Red\" class=\"sp-wcsp-cat-thumb\"\/><\/a><\/div><div class=\"sp-wcsp-cat-details\"><div class=\"sp-wcsp-cat-details-content\"><div class=\"sp-wcsp-cat-name\"><a href=\"https:\/\/iseyco.com\/?product_cat=seguridad-optimizadores-de-red\">Seguridad \u2013 Optimizadores De Red (7)<\/a><\/div><\/div><\/div><\/div><\/div><div class=\"sp-wcsp-cat-item swiper-slide\"><div class=\"sp-wcsp-cat-item-thumb-content\"><div class=\"sp-wcsp-cat-thumbnail\"><a href=\"https:\/\/iseyco.com\/?product_cat=networking\"><img decoding=\"async\" src=\"https:\/\/iseyco.com\/wp-content\/uploads\/2021\/09\/networks-02.jpg\" alt=\"Networking\" class=\"sp-wcsp-cat-thumb\"\/><\/a><\/div><div class=\"sp-wcsp-cat-details\"><div class=\"sp-wcsp-cat-details-content\"><div class=\"sp-wcsp-cat-name\"><a href=\"https:\/\/iseyco.com\/?product_cat=networking\">Networking (3)<\/a><\/div><\/div><\/div><\/div><\/div><div class=\"sp-wcsp-cat-item swiper-slide\"><div class=\"sp-wcsp-cat-item-thumb-content\"><div class=\"sp-wcsp-cat-thumbnail\"><a href=\"https:\/\/iseyco.com\/?product_cat=enlaces-de-radio\"><img decoding=\"async\" src=\"https:\/\/iseyco.com\/wp-content\/uploads\/2021\/09\/enlaces-de-radio-02.jpg\" alt=\"Enlaces de Radio\" class=\"sp-wcsp-cat-thumb\"\/><\/a><\/div><div class=\"sp-wcsp-cat-details\"><div class=\"sp-wcsp-cat-details-content\"><div class=\"sp-wcsp-cat-name\"><a href=\"https:\/\/iseyco.com\/?product_cat=enlaces-de-radio\">Enlaces de Radio (3)<\/a><\/div><\/div><\/div><\/div><\/div><div class=\"sp-wcsp-cat-item swiper-slide\"><div class=\"sp-wcsp-cat-item-thumb-content\"><div class=\"sp-wcsp-cat-thumbnail\"><a href=\"https:\/\/iseyco.com\/?product_cat=energia-renovable\"><img decoding=\"async\" src=\"https:\/\/iseyco.com\/wp-content\/uploads\/2021\/09\/renobable-02.jpg\" alt=\"Energ\u00eda Renovable\" class=\"sp-wcsp-cat-thumb\"\/><\/a><\/div><div class=\"sp-wcsp-cat-details\"><div class=\"sp-wcsp-cat-details-content\"><div class=\"sp-wcsp-cat-name\"><a href=\"https:\/\/iseyco.com\/?product_cat=energia-renovable\">Energ\u00eda Renovable (1)<\/a><\/div><\/div><\/div><\/div><\/div><\/div><div class=\"sp-wcsp-pagination\"><\/div><\/div><\/div>\n<p>[\/vc_column_text][vc_empty_space height=\u00bb20px\u00bb][vc_btn title=\u00bbVer todos los productos\u00bb color=\u00bbprimary\u00bb align=\u00bbcenter\u00bb css_animation=\u00bbbottom-to-top\u00bb link=\u00bburl:http%3A%2F%2Fwww.iseyco.com%2F%3Fpost_type%3Dproduct\u00bb][vc_empty_space][\/vc_column][\/vc_row][vc_row overlay_dotted=\u00bb\u00bb el_id=\u00bbquienessomos\u00bb][vc_column][vc_empty_space height=\u00bb40px\u00bb][\/vc_column][\/vc_row][\/vc_section][vc_row full_width=\u00bbstretch_row\u00bb overlay_dotted=\u00bb\u00bb css=\u00bb.vc_custom_1631649667007{margin-top: 0px !important;margin-bottom: 0px !important;padding-top: 0px !important;padding-bottom: 30px !important;}\u00bb][vc_column width=\u00bb2\/3&#8243;][vc_empty_space height=\u00bb50px\u00bb][vc_column_text css_animation=\u00bbbounceInLeft\u00bb]<\/p>\n<h2 class=\"main-title\"><span class=\"lineasTitulo-somos\">QUIENES SOMOS<\/span><\/h2>\n<div>Iseyco C.A.\u00a0<span lang=\"ES\">es una\u00a0<\/span>empresa ecuatoriana fundada en el a\u00f1o 1979, dedicada al desarrollo de proyectos integrales de ingenier\u00eda en las \u00e1reas de telecomunicaciones, y forma parte del grupo Iseyco.\u00a0<span lang=\"ES\">A lo largo de estos a\u00f1os hemos visto la necesidad estrat\u00e9gica de satisfacer requerimientos de varios de nuestros clientes a trav\u00e9s de la creaci\u00f3n de otras empresas que han formado y forman parte del grupo prestando servicios de telecomunicaciones; Idata es parte del grupo Iseyco.<u><\/u><u><\/u><\/span><\/div>\n<div><span lang=\"ES\">\u00a0<u><\/u><u><\/u><\/span><\/div>\n<div><span lang=\"ES\">I<\/span>ntegramos\u00a0soluciones y servicios de los m\u00e1s importantes fabricantes de\u00a0equipos y sistemas\u00a0tecnol\u00f3gicos a nivel global.<u><\/u><u><\/u><\/div>\n<div><span lang=\"ES\">\u00a0<u><\/u><u><\/u><\/span><\/div>\n<div><span lang=\"ES\">D<\/span>urante nuestra larga trayectoria, hemos estado siempre\u00a0a la\u00a0vanguardia de la innovaci\u00f3n\u00a0acorde con la\u00a0vertiginosa\u00a0evoluci\u00f3n tecnol\u00f3gica\u00a0en nuestro mercado. Por ello somos\u00a0una empresa l\u00edder en la integraci\u00f3n de soluciones de\u00a0telecomunicaciones y nos caracterizamos por haber trabajado, siempre, con una amplia red de socios especializados a nivel local y global.<\/div>\n<p>[\/vc_column_text][vc_separator color=\u00bbcustom\u00bb accent_color=\u00bb#eeeeee\u00bb css=\u00bb.vc_custom_1471757413178{margin-bottom: 22px !important;}\u00bb][vc_row_inner][vc_column_inner width=\u00bb1\/2&#8243;]\n      <div class=\"krth-service-three\"><div class=\"service-icon\"><i class=\"icon-diamond\"><\/i><\/div><div class=\"services-content\"><a href=\"#0\" class=\"service-heading\" target=\"_self\" style=\"\">Misi\u00f3n<\/a><p>Desarrollar soluciones innovadoras, eficientes y productivas de integraci\u00f3n en telecomunicaciones, brindando \u00f3ptima calidad, servicio y tecnolog\u00eda de punta.<\/p>\n<\/div><\/div>\n      <div class=\"krth-service-three\"><div class=\"service-icon\"><i class=\"icon-badge\"><\/i><\/div><div class=\"services-content\"><a href=\"#0\" class=\"service-heading\" target=\"_self\" style=\"\">Perfil Profesional<\/a><p>Nuestra empresa ha sido siempre vanguardista acorde con la evoluci\u00f3n tecnol\u00f3gica, lo que le ha convertido en una empresa l\u00edder en la integraci\u00f3n de soluciones de comunicaci\u00f3n.<\/p>\n<\/div><\/div>[\/vc_column_inner][vc_column_inner width=\u00bb1\/2&#8243;]\n      <div class=\"krth-service-three\"><div class=\"service-icon\"><i class=\"icon-user-following\"><\/i><\/div><div class=\"services-content\"><a href=\"#0\" class=\"service-heading\" target=\"_self\" style=\"\">Visi\u00f3n<\/a><p>Ser la principal empresa ecuatoriana integradora de soluciones de telecomunicaciones,\u00a0generando valor agregado,permitiendo el\u00a0crecimiento\u00a0de nuestros clientes y\u00a0el\u00a0de todos sus integrantes: empleados, accionistas, proveedores y la sociedad.<\/p>\n<\/div><\/div>\n      <div class=\"krth-service-three\"><div class=\"service-icon\"><i class=\"icon-compass\"><\/i><\/div><div class=\"services-content\"><a href=\"#0\" class=\"service-heading\" target=\"_self\" style=\"\">Trayectoria<\/a><p>Iseyco c.a. con m\u00e1s de tres d\u00e9cadas de experiencia en el manejo de tecnolog\u00eda de punta, cuenta con un equipo de profesionales para brindar a sus clientes un servicio de asesor\u00eda y mantenimiento en telecomunicaciones, IT y seguridad para comercio electr\u00f3nico.<\/p>\n<\/div><\/div>[\/vc_column_inner][\/vc_row_inner][\/vc_column][vc_column width=\u00bb1\/3&#8243; css=\u00bb.vc_custom_1471757254483{padding-top: 25px !important;}\u00bb][vc_empty_space height=\u00bb50px\u00bb]<div class=\"krth-contact-form krth-contact-69f5cc7bd9437 contact-box-two\"><h3 class=\"form-title\">Solicita una llamada<\/h3><div role=\"form\" class=\"wpcf7\" id=\"wpcf7-f367-o1\" lang=\"en-US\" dir=\"ltr\">\n<div class=\"screen-reader-response\"><p role=\"status\" aria-live=\"polite\" aria-atomic=\"true\"><\/p> <ul><\/ul><\/div>\n<form action=\"\/index.php?rest_route=%2Fwp%2Fv2%2Fpages%2F327#wpcf7-f367-o1\" method=\"post\" class=\"wpcf7-form init\" novalidate=\"novalidate\" data-status=\"init\">\n<div style=\"display: none;\">\n<input type=\"hidden\" name=\"_wpcf7\" value=\"367\" \/>\n<input type=\"hidden\" name=\"_wpcf7_version\" value=\"5.4.2\" \/>\n<input type=\"hidden\" name=\"_wpcf7_locale\" value=\"en_US\" \/>\n<input type=\"hidden\" name=\"_wpcf7_unit_tag\" value=\"wpcf7-f367-o1\" \/>\n<input type=\"hidden\" name=\"_wpcf7_container_post\" value=\"0\" \/>\n<input type=\"hidden\" name=\"_wpcf7_posted_data_hash\" value=\"\" \/>\n<\/div>\n<p><span class=\"wpcf7-form-control-wrap menu-813\"><select name=\"menu-813\" class=\"wpcf7-form-control wpcf7-select\" aria-invalid=\"false\"><option value=\"An\u00e1lisis de Redes\">An\u00e1lisis de Redes<\/option><option value=\"Soporte T\u00e9cnico\">Soporte T\u00e9cnico<\/option><option value=\"Asesor\u00eda para Proyectos\">Asesor\u00eda para Proyectos<\/option><\/select><\/span><br \/>\n<span class=\"wpcf7-form-control-wrap your-name\"><input type=\"text\" name=\"your-name\" value=\"\" size=\"40\" class=\"wpcf7-form-control wpcf7-text\" aria-invalid=\"false\" placeholder=\"Nombre\" \/><\/span><br \/>\n<span class=\"wpcf7-form-control-wrap your-email\"><input type=\"email\" name=\"your-email\" value=\"\" size=\"40\" class=\"wpcf7-form-control wpcf7-text wpcf7-email wpcf7-validates-as-required wpcf7-validates-as-email\" aria-required=\"true\" aria-invalid=\"false\" placeholder=\"Email\" \/><\/span><br \/>\n<span class=\"wpcf7-form-control-wrap your-phone\"><input type=\"text\" name=\"your-phone\" value=\"\" size=\"40\" class=\"wpcf7-form-control wpcf7-text\" aria-invalid=\"false\" placeholder=\"Tel\u00e9fono\" \/><\/span><\/p>\n<div class=\"text-right\">\n<input type=\"submit\" value=\"Solicitar llamada\" class=\"wpcf7-form-control wpcf7-submit text-white\" \/>\n<\/div>\n<div class=\"wpcf7-response-output\" aria-hidden=\"true\"><\/div><\/form><\/div><\/div>[\/vc_column][\/vc_row][vc_row full_width=\u00bbstretch_row\u00bb css_animation=\u00bbbounceInRight\u00bb overlay_dotted=\u00bb\u00bb css=\u00bb.vc_custom_1631652671401{margin-top: 0px !important;margin-bottom: 0px !important;padding-top: 25px !important;padding-bottom: 55px !important;}\u00bb][vc_column][vc_empty_space height=\u00bb60px\u00bb][vc_column_text]<\/p>\n<h2 class=\"main-title\" style=\"text-align: center;\"><span class=\"lineasTitulo\">TRABAJAMOS CON<\/span><\/h2>\n<p>[\/vc_column_text][vc_images_carousel images=\u00bb1667,1666,1665,1664,1663,1662,1661,1660,1659,1658,1657,1656,1655,1654,1653&#8243; img_size=\u00bbfull\u00bb slides_per_view=\u00bb5&#8243; autoplay=\u00bbyes\u00bb hide_pagination_control=\u00bbyes\u00bb wrap=\u00bbyes\u00bb css_animation=\u00bbfadeInDownBig\u00bb][\/vc_column][\/vc_row][vc_row full_width=\u00bbstretch_row\u00bb css_animation=\u00bbbounceInDown\u00bb overlay_dotted=\u00bb\u00bb css=\u00bb.vc_custom_1631652694090{margin-top: 0px !important;padding-top: 20px !important;padding-bottom: 40px !important;background-color: #f7f8f9 !important;}\u00bb el_id=\u00bbservicios\u00bb][vc_column][vc_empty_space height=\u00bb60px\u00bb][vc_column_text css=\u00bb.vc_custom_1631198705393{margin-bottom: 10px !important;}\u00bb]<\/p>\n<h2 style=\"text-align: center;\">Servicios Profesionales<\/h2>\n<p>[\/vc_column_text][vc_empty_space][vc_empty_space][vc_row_inner][vc_column_inner width=\u00bb1\/3&#8243;][vc_single_image image=\u00bb1646&#8243; img_size=\u00bbfull\u00bb css_animation=\u00bbbounceInDown\u00bb]\n      <div class=\"krth-service-four text-center\"><div class=\"services-content\"><h3 class=\"service-heading\" style=\"\">An\u00e1lisis de Redes<\/h3><p>Monitoreamos su red en tiempo real para determinar problemas y verdaderas necesidades; el acceso internet y los enlaces de datos representan costos mensuales significativos que deben estar justificados, no gaste m\u00e1s de lo que realmente requiere su negocio.<\/p>\n<\/div><\/div>[\/vc_column_inner][vc_column_inner width=\u00bb1\/3&#8243;][vc_single_image image=\u00bb1647&#8243; img_size=\u00bbfull\u00bb css_animation=\u00bbbounceInDown\u00bb]\n      <div class=\"krth-service-four text-center\"><div class=\"services-content\"><h3 class=\"service-heading\" style=\"\">Soporte T\u00e9cnico<\/h3><p>Presentamos diversos tipos de contratos de mantenimiento para sus equipos o soporte t\u00e9cnico telef\u00f3nico o en sitio por llamado, contamos con un amplio stock de repuestos y equipos disponible para remplazo inmediato. Maximice la disponibilidad de sus equipos y comunicaciones.<\/p>\n<\/div><\/div>[\/vc_column_inner][vc_column_inner width=\u00bb1\/3&#8243;][vc_single_image image=\u00bb1649&#8243; img_size=\u00bbfull\u00bb css_animation=\u00bbbounceInDown\u00bb]\n      <div class=\"krth-service-four text-center\"><div class=\"services-content\"><h3 class=\"service-heading\" style=\"\">Asesor\u00eda para Proyectos<\/h3><p>M\u00e1s de 30 a\u00f1os de experiencia a su servicio, evaluamos sus necesidades y lo ayudamos a escoger la mejor tecnolog\u00eda de acuerdo a su presupuesto. Asesor\u00eda para la elaboraci\u00f3n de proyectos e integraci\u00f3n de proyectos llave en mano. Representamos las mejores marcas a nivel mundial para entregar la soluci\u00f3n completa en una sola ventanilla.\u00bb Por: \u00abM\u00e1s de 40 a\u00f1os de experiencia a su servicio, evaluamos sus necesidades y lo ayudamos a escoger la mejor tecnolog\u00eda de acuerdo a su presupuesto. Asesor\u00eda para la elaboraci\u00f3n de proyectos e integraci\u00f3n de proyectos llave en mano. Representamos las mejores marcas del mercado.<\/p>\n<\/div><\/div>[\/vc_column_inner][\/vc_row_inner][vc_empty_space height=\u00bb10px\u00bb][vc_row_inner disable_element=\u00bbyes\u00bb][vc_column_inner width=\u00bb1\/6&#8243;][\/vc_column_inner][vc_column_inner width=\u00bb2\/3&#8243;][vc_column_text css=\u00bb.vc_custom_1631199892693{margin-bottom: 10px !important;}\u00bb]<\/p>\n<h2 style=\"text-align: center;\">Equipos de Alquiler<\/h2>\n<p>[\/vc_column_text][vc_column_text]<\/p>\n<p style=\"text-align: center;\">Apoyamos su negocio, las telecomunicaciones son un servicio que debe facilitar su trabajo.<br \/>\nSomos especialistas y podemos entregarle todos los servicios sin necesidad de comprar Hardware que puede perder vigencia o dejar de satisfacer sus necesidades, nosotros tomamos el riesgo tecnol\u00f3gico.<br \/>\nOfrecemos renta de equipos en todas las marcas que representamos en el Ecuador: Routers, Switches, Firewalls, Radios, Centrales Telef\u00f3nicas IP, Servidores, UPS, Infraestructura, Aplicativos, Seguridad, Ultimas Millas por cobre, fibra o inal\u00e1mbricas y todo lo que su negocio requiera.[\/vc_column_text][\/vc_column_inner][vc_column_inner width=\u00bb1\/6&#8243;][\/vc_column_inner][\/vc_row_inner][\/vc_column][\/vc_row][vc_row css_animation=\u00bbslideInUp\u00bb overlay_dotted=\u00bb\u00bb el_id=\u00bbcontactos\u00bb][vc_column width=\u00bb1\/2&#8243;][vc_empty_space][vc_column_text css=\u00bb.vc_custom_1631640198564{margin-bottom: 20px !important;}\u00bb]<\/p>\n<h3 style=\"margin-bottom: 15px;\"><span style=\"font-size: 22px;\">Cont\u00e1ctenos\u00a0<\/span><\/h3>\n<p>[\/vc_column_text][vc_empty_space]<ul class=\"krth-list-three  krth-list-69f5cc7bd98b7\"><li><strong>Direcci\u00f3n : :<\/strong> Av. 10 de Agosto N37-288 y Villalengua\nEdificio Inteca<\/li><li><strong>Tel\u00e9fono : :<\/strong> (593) 2.395.8670\n(593) 9.9994.5140<\/li><li><strong>Email : :<\/strong> sventas@iseyco.com<\/li><\/ul>[vc_empty_space][vc_empty_space][vc_raw_html]JTNDaWZyYW1lJTIwc3JjJTNEJTIyaHR0cHMlM0ElMkYlMkZ3d3cuZ29vZ2xlLmNvbSUyRm1hcHMlMkZlbWJlZCUzRnBiJTNEJTIxMW0xNCUyMTFtOCUyMTFtMyUyMTFkNDk4LjcyNTAyNzkwOTg1NTUlMjEyZC03OC40ODc2OSUyMTNkLTAuMTcyNTclMjEzbTIlMjExaTEwMjQlMjEyaTc2OCUyMTRmMTMuMSUyMTNtMyUyMTFtMiUyMTFzMHg5MWQ1OWE5MDZlYmI4YmM1JTI1M0EweDU1NzBkN2M5MjUwNGQ0ZTMlMjEyc0F2LiUyNTIwSnVhbiUyNTIwSm9zJTI1QzMlMjVBOSUyNTIwZGUlMjUyMFZpbGxhbGVuZ3VhJTI1MjAlMjUyNiUyNTIwQXYlMjUyMDEwJTI1MjBkZSUyNTIwQWdvc3RvJTI1MkMlMjUyMFF1aXRvJTI1MjAxNzAxMDIlMjE1ZTAlMjEzbTIlMjExc2VzJTIxMnNlYyUyMTR2MTYzMTY0NDY1ODE2OSUyMTVtMiUyMTFzZXMlMjEyc2VjJTIyJTIwd2lkdGglM0QlMjI2MDAlMjIlMjBoZWlnaHQlM0QlMjI0NTAlMjIlMjBzdHlsZSUzRCUyMmJvcmRlciUzQTAlM0IlMjIlMjBhbGxvd2Z1bGxzY3JlZW4lM0QlMjIlMjIlMjBsb2FkaW5nJTNEJTIybGF6eSUyMiUzRSUzQyUyRmlmcmFtZSUzRQ==[\/vc_raw_html][\/vc_column][vc_column width=\u00bb1\/2&#8243;][vc_empty_space height=\u00bb60px\u00bb]<div class=\"krth-contact-form krth-contact-69f5cc7bd98c6 contact-page-one\"><h3 class=\"form-title\">Tienes alguna consulta?<\/h3><div role=\"form\" class=\"wpcf7\" id=\"wpcf7-f635-o2\" lang=\"en-US\" dir=\"ltr\">\n<div class=\"screen-reader-response\"><p role=\"status\" aria-live=\"polite\" aria-atomic=\"true\"><\/p> <ul><\/ul><\/div>\n<form action=\"\/index.php?rest_route=%2Fwp%2Fv2%2Fpages%2F327#wpcf7-f635-o2\" method=\"post\" class=\"wpcf7-form init\" novalidate=\"novalidate\" data-status=\"init\">\n<div style=\"display: none;\">\n<input type=\"hidden\" name=\"_wpcf7\" value=\"635\" \/>\n<input type=\"hidden\" name=\"_wpcf7_version\" value=\"5.4.2\" \/>\n<input type=\"hidden\" name=\"_wpcf7_locale\" value=\"en_US\" \/>\n<input type=\"hidden\" name=\"_wpcf7_unit_tag\" value=\"wpcf7-f635-o2\" \/>\n<input type=\"hidden\" name=\"_wpcf7_container_post\" value=\"0\" \/>\n<input type=\"hidden\" name=\"_wpcf7_posted_data_hash\" value=\"\" \/>\n<\/div>\n<p>Your Name<br \/>\n<span class=\"wpcf7-form-control-wrap Nombre\"><input type=\"text\" name=\"Nombre\" value=\"\" size=\"40\" class=\"wpcf7-form-control wpcf7-text wpcf7-validates-as-required\" aria-required=\"true\" aria-invalid=\"false\" \/><\/span><\/p>\n<p>Your Email<br \/>\n<span class=\"wpcf7-form-control-wrap email\"><input type=\"email\" name=\"email\" value=\"\" size=\"40\" class=\"wpcf7-form-control wpcf7-text wpcf7-email wpcf7-validates-as-required wpcf7-validates-as-email\" aria-required=\"true\" aria-invalid=\"false\" \/><\/span><\/p>\n<p>Det\u00e1llanos  tu consulta<br \/>\n<span class=\"wpcf7-form-control-wrap textarea-903\"><textarea name=\"textarea-903\" cols=\"40\" rows=\"10\" class=\"wpcf7-form-control wpcf7-textarea wpcf7-validates-as-required\" aria-required=\"true\" aria-invalid=\"false\"><\/textarea><\/span><br \/>\n<input type=\"submit\" value=\"Enviar\" class=\"wpcf7-form-control wpcf7-submit\" \/><\/p>\n<div class=\"wpcf7-response-output\" aria-hidden=\"true\"><\/div><\/form><\/div><\/div>[\/vc_column][\/vc_row]<\/p>\n","protected":false},"excerpt":{"rendered":"[vc_section el_id=\u00bbproductos\u00bb][vc_row full_width=\u00bbstretch_row\u00bb full_height=\u00bbyes\u00bb css_animation=\u00bbslideInLeft\u00bb overlay_dotted=\u00bb\u00bb css=\u00bb.vc_custom_1631652439929{background-color: #f2f2f2 !important;}\u00bb][vc_column][vc_empty_space][vc_column_text] [\/vc_column_text][vc_empty_space height=\u00bb20px\u00bb][vc_btn title=\u00bbVer todos los productos\u00bb color=\u00bbprimary\u00bb align=\u00bbcenter\u00bb css_animation=\u00bbbottom-to-top\u00bb link=\u00bburl:http%3A%2F%2Fwww.iseyco.com%2F%3Fpost_type%3Dproduct\u00bb][vc_empty_space][\/vc_column][\/vc_row][vc_row overlay_dotted=\u00bb\u00bb el_id=\u00bbquienessomos\u00bb][vc_column][vc_empty_space height=\u00bb40px\u00bb][\/vc_column][\/vc_row][\/vc_section][vc_row full_width=\u00bbstretch_row\u00bb overlay_dotted=\u00bb\u00bb css=\u00bb.vc_custom_1631649667007{margin-top: 0px !important;margin-bottom: 0px !important;padding-top: 0px !important;padding-bottom: 30px !important;}\u00bb][vc_column width=\u00bb2\/3&#8243;][vc_empty_space height=\u00bb50px\u00bb][vc_column_text css_animation=\u00bbbounceInLeft\u00bb] QUIENES SOMOS Iseyco C.A.\u00a0es una\u00a0empresa ecuatoriana fundada en el a\u00f1o 1979, dedicada al desarrollo de proyectos integrales de ingenier\u00eda[&#8230;]","protected":false},"author":1,"featured_media":0,"parent":0,"menu_order":3,"comment_status":"closed","ping_status":"closed","template":"","meta":{"footnotes":""},"class_list":["post-327","page","type-page","status-publish","hentry"],"_links":{"self":[{"href":"https:\/\/iseyco.com\/index.php?rest_route=\/wp\/v2\/pages\/327","targetHints":{"allow":["GET"]}}],"collection":[{"href":"https:\/\/iseyco.com\/index.php?rest_route=\/wp\/v2\/pages"}],"about":[{"href":"https:\/\/iseyco.com\/index.php?rest_route=\/wp\/v2\/types\/page"}],"author":[{"embeddable":true,"href":"https:\/\/iseyco.com\/index.php?rest_route=\/wp\/v2\/users\/1"}],"replies":[{"embeddable":true,"href":"https:\/\/iseyco.com\/index.php?rest_route=%2Fwp%2Fv2%2Fcomments&post=327"}],"version-history":[{"count":50,"href":"https:\/\/iseyco.com\/index.php?rest_route=\/wp\/v2\/pages\/327\/revisions"}],"predecessor-version":[{"id":1894,"href":"https:\/\/iseyco.com\/index.php?rest_route=\/wp\/v2\/pages\/327\/revisions\/1894"}],"wp:attachment":[{"href":"https:\/\/iseyco.com\/index.php?rest_route=%2Fwp%2Fv2%2Fmedia&parent=327"}],"curies":[{"name":"wp","href":"https:\/\/api.w.org\/{rel}","templated":true}]}}