{"id":1700,"date":"2021-09-14T08:39:21","date_gmt":"2021-09-14T13:39:21","guid":{"rendered":"http:\/\/www2.iseyco.com\/?post_type=product&#038;p=1700"},"modified":"2021-09-14T08:56:32","modified_gmt":"2021-09-14T13:56:32","slug":"saf-tehnika","status":"publish","type":"product","link":"https:\/\/iseyco.com\/?product=saf-tehnika","title":{"rendered":"SAF TEHNIKA"},"content":{"rendered":"","protected":false},"excerpt":{"rendered":"&nbsp;\r\n\r\nEs uno de los fabricantes de Radios m\u00e1s importantes del mundo, comprometido en la producci\u00f3n y entrega de soluciones inal\u00e1mbricas a un precio muy competitivo y con altos est\u00e1ndares de calidad.\r\nSAF cuenta con Radios IP y TDM nativos de alta capacidad hasta 933 Mbps, en frecuencias de hasta 38 GHz.","protected":false},"featured_media":1703,"template":"","meta":[],"product_cat":[63],"product_tag":[],"class_list":{"0":"post-1700","1":"product","2":"type-product","3":"status-publish","4":"has-post-thumbnail","6":"product_cat-enlaces-de-radio","8":"first","9":"instock","10":"shipping-taxable","11":"product-type-simple"},"_links":{"self":[{"href":"https:\/\/iseyco.com\/index.php?rest_route=\/wp\/v2\/product\/1700","targetHints":{"allow":["GET"]}}],"collection":[{"href":"https:\/\/iseyco.com\/index.php?rest_route=\/wp\/v2\/product"}],"about":[{"href":"https:\/\/iseyco.com\/index.php?rest_route=\/wp\/v2\/types\/product"}],"wp:featuredmedia":[{"embeddable":true,"href":"https:\/\/iseyco.com\/index.php?rest_route=\/wp\/v2\/media\/1703"}],"wp:attachment":[{"href":"https:\/\/iseyco.com\/index.php?rest_route=%2Fwp%2Fv2%2Fmedia&parent=1700"}],"wp:term":[{"taxonomy":"product_cat","embeddable":true,"href":"https:\/\/iseyco.com\/index.php?rest_route=%2Fwp%2Fv2%2Fproduct_cat&post=1700"},{"taxonomy":"product_tag","embeddable":true,"href":"https:\/\/iseyco.com\/index.php?rest_route=%2Fwp%2Fv2%2Fproduct_tag&post=1700"}],"curies":[{"name":"wp","href":"https:\/\/api.w.org\/{rel}","templated":true}]}}