{"id":1704,"date":"2021-09-14T08:57:28","date_gmt":"2021-09-14T13:57:28","guid":{"rendered":"http:\/\/www2.iseyco.com\/?post_type=product&#038;p=1704"},"modified":"2021-09-14T09:01:54","modified_gmt":"2021-09-14T14:01:54","slug":"ceragon","status":"publish","type":"product","link":"https:\/\/iseyco.com\/?product=ceragon","title":{"rendered":"CERAG\u00d3N"},"content":{"rendered":"","protected":false},"excerpt":{"rendered":"&nbsp;\r\n\r\nComo especialista en backhaul inal\u00e1mbrico # 1 del mundo, Ceragon garantiza que las compa\u00f1\u00edas de telefon\u00eda m\u00f3vil y fija, as\u00ed como los operadores de redes privadas, tengan la capacidad de transmisi\u00f3n rentable para entregar los servicios de voz y datos de suscripci\u00f3n de los que todos dependemos.\r\nFibeAir IP-10G es una soluci\u00f3n de backhaul inal\u00e1mbrico a nivel de operador de gran capacidad. Combinando funcionalidad de red Ethernet y TDM avanzada con los mejores en su clase de radio de microondas, FibeAir IP-10G facilita la migraci\u00f3n libre de riesgo para IP \/ Ethernet y se puede integrar en cualquier IP \/ Ethernet pura, Native2 (h\u00edbrido) o red TDM.","protected":false},"featured_media":1706,"template":"","meta":[],"product_cat":[63],"product_tag":[],"class_list":{"0":"post-1704","1":"product","2":"type-product","3":"status-publish","4":"has-post-thumbnail","6":"product_cat-enlaces-de-radio","8":"first","9":"instock","10":"shipping-taxable","11":"product-type-simple"},"_links":{"self":[{"href":"https:\/\/iseyco.com\/index.php?rest_route=\/wp\/v2\/product\/1704","targetHints":{"allow":["GET"]}}],"collection":[{"href":"https:\/\/iseyco.com\/index.php?rest_route=\/wp\/v2\/product"}],"about":[{"href":"https:\/\/iseyco.com\/index.php?rest_route=\/wp\/v2\/types\/product"}],"wp:featuredmedia":[{"embeddable":true,"href":"https:\/\/iseyco.com\/index.php?rest_route=\/wp\/v2\/media\/1706"}],"wp:attachment":[{"href":"https:\/\/iseyco.com\/index.php?rest_route=%2Fwp%2Fv2%2Fmedia&parent=1704"}],"wp:term":[{"taxonomy":"product_cat","embeddable":true,"href":"https:\/\/iseyco.com\/index.php?rest_route=%2Fwp%2Fv2%2Fproduct_cat&post=1704"},{"taxonomy":"product_tag","embeddable":true,"href":"https:\/\/iseyco.com\/index.php?rest_route=%2Fwp%2Fv2%2Fproduct_tag&post=1704"}],"curies":[{"name":"wp","href":"https:\/\/api.w.org\/{rel}","templated":true}]}}