{"id":1728,"date":"2021-09-14T09:31:41","date_gmt":"2021-09-14T14:31:41","guid":{"rendered":"http:\/\/www2.iseyco.com\/?post_type=product&#038;p=1728"},"modified":"2021-09-14T09:35:49","modified_gmt":"2021-09-14T14:35:49","slug":"arcsight","status":"publish","type":"product","link":"https:\/\/iseyco.com\/?product=arcsight","title":{"rendered":"ARCSIGHT"},"content":{"rendered":"","protected":false},"excerpt":{"rendered":"&nbsp;\r\n\r\nL\u00edder mundial en soluciones de gesti\u00f3n de seguridad y conformidad normativa dentro del an\u00e1lisis de Gartner Group. Brinda soluciones inteligentes que identifican y mitigan riesgos potenciales en los negocios de empresas, MSSPs (proveedores de servicios de seguridad gestionada) y agencias gubernamentales. ArcSight ofrece la \u00fanica soluci\u00f3n vendor-neutral (no vinculada a ning\u00fan fabricante) que identifica, prioriza y responde a ataques externos, amenazas internas y a brechas en el cumplimiento de las normativas y que ha sido dise\u00f1ada con foco en las necesidades de las infraestructuras de negocio y de tecnolog\u00eda m\u00e1s complejas, dispersas y heterog\u00e9neas.","protected":false},"featured_media":1731,"template":"","meta":[],"product_cat":[65],"product_tag":[],"class_list":{"0":"post-1728","1":"product","2":"type-product","3":"status-publish","4":"has-post-thumbnail","6":"product_cat-seguridad-optimizadores-de-red","8":"first","9":"instock","10":"shipping-taxable","11":"product-type-simple"},"_links":{"self":[{"href":"https:\/\/iseyco.com\/index.php?rest_route=\/wp\/v2\/product\/1728","targetHints":{"allow":["GET"]}}],"collection":[{"href":"https:\/\/iseyco.com\/index.php?rest_route=\/wp\/v2\/product"}],"about":[{"href":"https:\/\/iseyco.com\/index.php?rest_route=\/wp\/v2\/types\/product"}],"wp:featuredmedia":[{"embeddable":true,"href":"https:\/\/iseyco.com\/index.php?rest_route=\/wp\/v2\/media\/1731"}],"wp:attachment":[{"href":"https:\/\/iseyco.com\/index.php?rest_route=%2Fwp%2Fv2%2Fmedia&parent=1728"}],"wp:term":[{"taxonomy":"product_cat","embeddable":true,"href":"https:\/\/iseyco.com\/index.php?rest_route=%2Fwp%2Fv2%2Fproduct_cat&post=1728"},{"taxonomy":"product_tag","embeddable":true,"href":"https:\/\/iseyco.com\/index.php?rest_route=%2Fwp%2Fv2%2Fproduct_tag&post=1728"}],"curies":[{"name":"wp","href":"https:\/\/api.w.org\/{rel}","templated":true}]}}