{"id":1732,"date":"2021-09-14T09:36:18","date_gmt":"2021-09-14T14:36:18","guid":{"rendered":"http:\/\/www2.iseyco.com\/?post_type=product&#038;p=1732"},"modified":"2021-09-14T09:39:12","modified_gmt":"2021-09-14T14:39:12","slug":"f5","status":"publish","type":"product","link":"https:\/\/iseyco.com\/?product=f5","title":{"rendered":"F5"},"content":{"rendered":"","protected":false},"excerpt":{"rendered":"&nbsp;\r\n\r\nAyuda a las organizaciones a satisfacer las demandas de crecimiento constantes de aplicaciones, usuarios y datos. Con las soluciones de F5 las empresas ganan puntos estrat\u00e9gicos de control donde se intercambia informaci\u00f3n. F5 ofrece productos para: Aceleraci\u00f3n, Disponibilidad, Cloud Computing, Seguridad, Storage, Virtualizaci\u00f3n, Proveedores de Servicios.","protected":false},"featured_media":1733,"template":"","meta":[],"product_cat":[65],"product_tag":[],"class_list":{"0":"post-1732","1":"product","2":"type-product","3":"status-publish","4":"has-post-thumbnail","6":"product_cat-seguridad-optimizadores-de-red","8":"first","9":"instock","10":"shipping-taxable","11":"product-type-simple"},"_links":{"self":[{"href":"https:\/\/iseyco.com\/index.php?rest_route=\/wp\/v2\/product\/1732","targetHints":{"allow":["GET"]}}],"collection":[{"href":"https:\/\/iseyco.com\/index.php?rest_route=\/wp\/v2\/product"}],"about":[{"href":"https:\/\/iseyco.com\/index.php?rest_route=\/wp\/v2\/types\/product"}],"wp:featuredmedia":[{"embeddable":true,"href":"https:\/\/iseyco.com\/index.php?rest_route=\/wp\/v2\/media\/1733"}],"wp:attachment":[{"href":"https:\/\/iseyco.com\/index.php?rest_route=%2Fwp%2Fv2%2Fmedia&parent=1732"}],"wp:term":[{"taxonomy":"product_cat","embeddable":true,"href":"https:\/\/iseyco.com\/index.php?rest_route=%2Fwp%2Fv2%2Fproduct_cat&post=1732"},{"taxonomy":"product_tag","embeddable":true,"href":"https:\/\/iseyco.com\/index.php?rest_route=%2Fwp%2Fv2%2Fproduct_tag&post=1732"}],"curies":[{"name":"wp","href":"https:\/\/api.w.org\/{rel}","templated":true}]}}