{"id":1735,"date":"2021-09-14T09:39:40","date_gmt":"2021-09-14T14:39:40","guid":{"rendered":"http:\/\/www2.iseyco.com\/?post_type=product&#038;p=1735"},"modified":"2021-09-14T09:42:59","modified_gmt":"2021-09-14T14:42:59","slug":"exinda","status":"publish","type":"product","link":"https:\/\/iseyco.com\/?product=exinda","title":{"rendered":"EXINDA"},"content":{"rendered":"","protected":false},"excerpt":{"rendered":"&nbsp;\r\n\r\nSoluciones de Optimizaci\u00f3n WAN que han permitido a mas de 2.000 empresas en mas de 80 pa\u00edses, ver, controlar, acelerar y optimizar sus redes. Con la soluci\u00f3n UPM (Unified Perfomance Management) de Exinda, se incorporan todas las capacidades necesarias para gestionar eficazmente una red WAN.","protected":false},"featured_media":1736,"template":"","meta":[],"product_cat":[65],"product_tag":[],"class_list":{"0":"post-1735","1":"product","2":"type-product","3":"status-publish","4":"has-post-thumbnail","6":"product_cat-seguridad-optimizadores-de-red","8":"first","9":"instock","10":"shipping-taxable","11":"product-type-simple"},"_links":{"self":[{"href":"https:\/\/iseyco.com\/index.php?rest_route=\/wp\/v2\/product\/1735","targetHints":{"allow":["GET"]}}],"collection":[{"href":"https:\/\/iseyco.com\/index.php?rest_route=\/wp\/v2\/product"}],"about":[{"href":"https:\/\/iseyco.com\/index.php?rest_route=\/wp\/v2\/types\/product"}],"wp:featuredmedia":[{"embeddable":true,"href":"https:\/\/iseyco.com\/index.php?rest_route=\/wp\/v2\/media\/1736"}],"wp:attachment":[{"href":"https:\/\/iseyco.com\/index.php?rest_route=%2Fwp%2Fv2%2Fmedia&parent=1735"}],"wp:term":[{"taxonomy":"product_cat","embeddable":true,"href":"https:\/\/iseyco.com\/index.php?rest_route=%2Fwp%2Fv2%2Fproduct_cat&post=1735"},{"taxonomy":"product_tag","embeddable":true,"href":"https:\/\/iseyco.com\/index.php?rest_route=%2Fwp%2Fv2%2Fproduct_tag&post=1735"}],"curies":[{"name":"wp","href":"https:\/\/api.w.org\/{rel}","templated":true}]}}