{"id":1739,"date":"2021-09-14T09:43:15","date_gmt":"2021-09-14T14:43:15","guid":{"rendered":"http:\/\/www2.iseyco.com\/?post_type=product&#038;p=1739"},"modified":"2021-09-14T09:46:59","modified_gmt":"2021-09-14T14:46:59","slug":"riverbed","status":"publish","type":"product","link":"https:\/\/iseyco.com\/?product=riverbed","title":{"rendered":"RIVERBED"},"content":{"rendered":"","protected":false},"excerpt":{"rendered":"&nbsp;\r\n\r\nPermite a las empresas implementar con \u00e9xito y de forma inteligente sus iniciativas estrat\u00e9gicas, como: Virtualizaci\u00f3n, consolidaci\u00f3n, optimizaci\u00f3n WAN, Cloud Computing, Disaster Recovery, sin temor a comprometer el rendimiento de su red.","protected":false},"featured_media":1742,"template":"","meta":[],"product_cat":[65],"product_tag":[],"class_list":{"0":"post-1739","1":"product","2":"type-product","3":"status-publish","4":"has-post-thumbnail","6":"product_cat-seguridad-optimizadores-de-red","8":"first","9":"instock","10":"shipping-taxable","11":"product-type-simple"},"_links":{"self":[{"href":"https:\/\/iseyco.com\/index.php?rest_route=\/wp\/v2\/product\/1739","targetHints":{"allow":["GET"]}}],"collection":[{"href":"https:\/\/iseyco.com\/index.php?rest_route=\/wp\/v2\/product"}],"about":[{"href":"https:\/\/iseyco.com\/index.php?rest_route=\/wp\/v2\/types\/product"}],"wp:featuredmedia":[{"embeddable":true,"href":"https:\/\/iseyco.com\/index.php?rest_route=\/wp\/v2\/media\/1742"}],"wp:attachment":[{"href":"https:\/\/iseyco.com\/index.php?rest_route=%2Fwp%2Fv2%2Fmedia&parent=1739"}],"wp:term":[{"taxonomy":"product_cat","embeddable":true,"href":"https:\/\/iseyco.com\/index.php?rest_route=%2Fwp%2Fv2%2Fproduct_cat&post=1739"},{"taxonomy":"product_tag","embeddable":true,"href":"https:\/\/iseyco.com\/index.php?rest_route=%2Fwp%2Fv2%2Fproduct_tag&post=1739"}],"curies":[{"name":"wp","href":"https:\/\/api.w.org\/{rel}","templated":true}]}}