{"id":1747,"date":"2021-09-14T10:21:08","date_gmt":"2021-09-14T15:21:08","guid":{"rendered":"http:\/\/www2.iseyco.com\/?post_type=product&#038;p=1747"},"modified":"2021-09-14T10:42:14","modified_gmt":"2021-09-14T15:42:14","slug":"tippingpoint","status":"publish","type":"product","link":"https:\/\/iseyco.com\/?product=tippingpoint","title":{"rendered":"TIPPINGPOINT"},"content":{"rendered":"","protected":false},"excerpt":{"rendered":"&nbsp;\r\n\r\nEs el sistema de prevenci\u00f3n de intrusos (IPS) l\u00edder de la industria, inigualable en lo que respecta a seguridad, desempe\u00f1o, alta disponibilidad y facilidad de uso.\r\n\r\nPor ser el \u00fanico sistema de prevenci\u00f3n de intrusos que ha recibido el Galard\u00f3n Dorado de NSS y la certificaci\u00f3n de ICSA Labs como el primer IPS de redes de multigigabits, TippingPoint es el patr\u00f3n de referencia en el \u00e1rea de prevenci\u00f3n de intrusos basada en red.","protected":false},"featured_media":1749,"template":"","meta":[],"product_cat":[65],"product_tag":[],"class_list":{"0":"post-1747","1":"product","2":"type-product","3":"status-publish","4":"has-post-thumbnail","6":"product_cat-seguridad-optimizadores-de-red","8":"first","9":"instock","10":"shipping-taxable","11":"product-type-simple"},"_links":{"self":[{"href":"https:\/\/iseyco.com\/index.php?rest_route=\/wp\/v2\/product\/1747","targetHints":{"allow":["GET"]}}],"collection":[{"href":"https:\/\/iseyco.com\/index.php?rest_route=\/wp\/v2\/product"}],"about":[{"href":"https:\/\/iseyco.com\/index.php?rest_route=\/wp\/v2\/types\/product"}],"wp:featuredmedia":[{"embeddable":true,"href":"https:\/\/iseyco.com\/index.php?rest_route=\/wp\/v2\/media\/1749"}],"wp:attachment":[{"href":"https:\/\/iseyco.com\/index.php?rest_route=%2Fwp%2Fv2%2Fmedia&parent=1747"}],"wp:term":[{"taxonomy":"product_cat","embeddable":true,"href":"https:\/\/iseyco.com\/index.php?rest_route=%2Fwp%2Fv2%2Fproduct_cat&post=1747"},{"taxonomy":"product_tag","embeddable":true,"href":"https:\/\/iseyco.com\/index.php?rest_route=%2Fwp%2Fv2%2Fproduct_tag&post=1747"}],"curies":[{"name":"wp","href":"https:\/\/api.w.org\/{rel}","templated":true}]}}