{"id":1768,"date":"2021-09-14T11:06:21","date_gmt":"2021-09-14T16:06:21","guid":{"rendered":"http:\/\/www2.iseyco.com\/?post_type=product&#038;p=1768"},"modified":"2021-09-14T11:08:33","modified_gmt":"2021-09-14T16:08:33","slug":"linkyfi","status":"publish","type":"product","link":"https:\/\/iseyco.com\/?product=linkyfi","title":{"rendered":"LINKYFI"},"content":{"rendered":"","protected":false},"excerpt":{"rendered":"&nbsp;\r\n\r\nLinkyfi es una herramienta de marketing simple que utiliza el mecanismo de acceso condicional a Internet para recopilar datos sobre sus usuarios.\r\nPara navegar por Internet el cliente inicia sesi\u00f3n en la plataforma- Linkyfi introduciendo el n\u00famero de tel\u00e9fono o direcci\u00f3n de correo electr\u00f3nico, el registro a trav\u00e9s de cuentas de redes sociales o completando un breve cuestionario. Un an\u00e1lisis en profundidad de la informaci\u00f3n del cliente permite a la empresa para crear y enviar campa\u00f1as publicitarias personalizadas directamente a los clientes.\r\nAdem\u00e1s, el cliente puede ofrecer la posibilidad de utilizar el men\u00fa virtual, puntos \/ sellos virtuales o de direcci\u00f3n para lugares seleccionados.","protected":false},"featured_media":1769,"template":"","meta":[],"product_cat":[66],"product_tag":[],"class_list":{"0":"post-1768","1":"product","2":"type-product","3":"status-publish","4":"has-post-thumbnail","6":"product_cat-networking","8":"first","9":"instock","10":"shipping-taxable","11":"product-type-simple"},"_links":{"self":[{"href":"https:\/\/iseyco.com\/index.php?rest_route=\/wp\/v2\/product\/1768","targetHints":{"allow":["GET"]}}],"collection":[{"href":"https:\/\/iseyco.com\/index.php?rest_route=\/wp\/v2\/product"}],"about":[{"href":"https:\/\/iseyco.com\/index.php?rest_route=\/wp\/v2\/types\/product"}],"wp:featuredmedia":[{"embeddable":true,"href":"https:\/\/iseyco.com\/index.php?rest_route=\/wp\/v2\/media\/1769"}],"wp:attachment":[{"href":"https:\/\/iseyco.com\/index.php?rest_route=%2Fwp%2Fv2%2Fmedia&parent=1768"}],"wp:term":[{"taxonomy":"product_cat","embeddable":true,"href":"https:\/\/iseyco.com\/index.php?rest_route=%2Fwp%2Fv2%2Fproduct_cat&post=1768"},{"taxonomy":"product_tag","embeddable":true,"href":"https:\/\/iseyco.com\/index.php?rest_route=%2Fwp%2Fv2%2Fproduct_tag&post=1768"}],"curies":[{"name":"wp","href":"https:\/\/api.w.org\/{rel}","templated":true}]}}