{"id":1860,"date":"2021-09-14T19:56:15","date_gmt":"2021-09-15T00:56:15","guid":{"rendered":"http:\/\/www2.iseyco.com\/?post_type=product&#038;p=1860"},"modified":"2021-09-14T19:57:47","modified_gmt":"2021-09-15T00:57:47","slug":"denwa-soho-modulo-gsm-1-puerto","status":"publish","type":"product","link":"https:\/\/iseyco.com\/?product=denwa-soho-modulo-gsm-1-puerto","title":{"rendered":"DENWA SOHO &#8211; MODULO GSM (1 PUERTO)"},"content":{"rendered":"","protected":false},"excerpt":{"rendered":"&nbsp;\r\n\r\nSoluci\u00f3n de Comunicaci\u00f3n Unificada a la medida de su hogar o peque\u00f1a empresa.","protected":false},"featured_media":1859,"template":"","meta":[],"product_cat":[72],"product_tag":[],"class_list":{"0":"post-1860","1":"product","2":"type-product","3":"status-publish","4":"has-post-thumbnail","6":"product_cat-promociones","8":"first","9":"instock","10":"shipping-taxable","11":"product-type-simple"},"_links":{"self":[{"href":"https:\/\/iseyco.com\/index.php?rest_route=\/wp\/v2\/product\/1860","targetHints":{"allow":["GET"]}}],"collection":[{"href":"https:\/\/iseyco.com\/index.php?rest_route=\/wp\/v2\/product"}],"about":[{"href":"https:\/\/iseyco.com\/index.php?rest_route=\/wp\/v2\/types\/product"}],"wp:featuredmedia":[{"embeddable":true,"href":"https:\/\/iseyco.com\/index.php?rest_route=\/wp\/v2\/media\/1859"}],"wp:attachment":[{"href":"https:\/\/iseyco.com\/index.php?rest_route=%2Fwp%2Fv2%2Fmedia&parent=1860"}],"wp:term":[{"taxonomy":"product_cat","embeddable":true,"href":"https:\/\/iseyco.com\/index.php?rest_route=%2Fwp%2Fv2%2Fproduct_cat&post=1860"},{"taxonomy":"product_tag","embeddable":true,"href":"https:\/\/iseyco.com\/index.php?rest_route=%2Fwp%2Fv2%2Fproduct_tag&post=1860"}],"curies":[{"name":"wp","href":"https:\/\/api.w.org\/{rel}","templated":true}]}}