{"id":1885,"date":"2022-08-23T16:20:25","date_gmt":"2022-08-23T21:20:25","guid":{"rendered":"https:\/\/www.iseyco.com\/?post_type=product&#038;p=1885"},"modified":"2022-08-23T16:33:36","modified_gmt":"2022-08-23T21:33:36","slug":"huawei-matepad-t8","status":"publish","type":"product","link":"https:\/\/iseyco.com\/?product=huawei-matepad-t8","title":{"rendered":"Huawei MatePad T8"},"content":{"rendered":"<div tabindex=\"0\" role=\"tab\" data-tab=\"1\" aria-controls=\"elementor-tab-content-1861\" aria-expanded=\"true\" aria-selected=\"true\"><img decoding=\"async\" src=\"https:\/\/www.idata.ec\/wp-content\/uploads\/2022\/08\/35.jpg\" \/><\/div>\n<div tabindex=\"0\" role=\"tab\" data-tab=\"1\" aria-controls=\"elementor-tab-content-1861\" aria-expanded=\"true\" aria-selected=\"true\"><\/div>\n<div tabindex=\"0\" role=\"tab\" data-tab=\"1\" aria-controls=\"elementor-tab-content-1861\" aria-expanded=\"true\" aria-selected=\"true\"><\/div>\n<div id=\"elementor-tab-title-1861\" class=\"elementor-tab-title elementor-active\" tabindex=\"0\" role=\"tab\" data-tab=\"1\" aria-controls=\"elementor-tab-content-1861\" aria-expanded=\"true\" aria-selected=\"true\">Especificaciones<\/div>\n<div id=\"elementor-tab-content-1861\" class=\"elementor-tab-content elementor-clearfix elementor-active\" role=\"tabpanel\" data-tab=\"1\" aria-labelledby=\"elementor-tab-title-1861\">\n<p>Tama\u00f1o<br \/>\nAncho<br \/>\n121.1 mm<\/p>\n<p>Altura<br \/>\n199.7 mm<\/p>\n<p>Profundidad<br \/>\n8.55 mm<\/p>\n<p>Peso<br \/>\naproximadamente 310 g (incluida la bater\u00eda)<\/p>\n<p>*El tama\u00f1o del producto, el peso del producto y las especificaciones relacionadas son solo valores te\u00f3ricos. Las medidas reales entre productos individuales pueden variar. Todas las especificaciones est\u00e1n sujetas al producto real.<\/p>\n<p>HUAWEI MatePad T 8<\/p>\n<p>Color<br \/>\nAzul Profundo<\/p>\n<p>Pantalla<br \/>\nTama\u00f1o:<br \/>\n8.0 pulgadas<\/p>\n<p>Color:<br \/>\n16.7 millones de colores<\/p>\n<p>Tasa de saturaci\u00f3n de color (NTSC):<br \/>\n60% (valor t\u00edpico)<\/p>\n<p>Tipo:<br \/>\nLCD<\/p>\n<p>Resoluci\u00f3n:<br \/>\n1,280 x 800<\/p>\n<p>Densidad de pixeles de pantalla:<br \/>\n189 PPP<\/p>\n<p>Processors<br \/>\nMTK MT8768<\/p>\n<p>CPU:<br \/>\n4 x Cortex-A53 2.0 GHz + 4 x Cortex-A53 1.5 GHz<\/p>\n<p>GPU:<br \/>\nIMG GE8320 650 MHz<\/p>\n<p>Sistema Operativo<br \/>\nEMUI 10.0.1 (Basado en Android 10)<\/p>\n<p>Memoria<br \/>\nRAM:<br \/>\n2 GB*<\/p>\n<p>ROM:<br \/>\n32 GB*<\/p>\n<p>Almacenamiento extendido:<br \/>\nTarjeta microSD**, soporta formatos exFAT y FAT32, soporta 512 GB como m\u00e1ximo.<\/p>\n<p>*la capacidad de memoria disponible es menor que este valor por el espacio ocupado por el software, el valor de uso real puede referirse a la \u00abpartici\u00f3n de memoria\u00bb.<br \/>\n**No est\u00e1ndar, se vende por separado.<\/p>\n<p>C\u00e1mara<br \/>\nC\u00e1mara trasera:<br \/>\n5 MP*, apertura f\/2.2<\/p>\n<p>Enfoque autom\u00e1tico<\/p>\n<p>Resoluci\u00f3n de la foto:<br \/>\nHasta 2,592 x 1,944 p\u00edxeles**<\/p>\n<p>Resoluci\u00f3n de la c\u00e1mara:<br \/>\nHasta 1,920 x 1,080 p\u00edxeles**<\/p>\n<p>C\u00e1mara frontal:<br \/>\n2 MP*, apertura f\/2.4<\/p>\n<p>Longitud focal fija<\/p>\n<p>Resoluci\u00f3n de la foto:<br \/>\nHasta 1,600 x 1,200 pixeles**<\/p>\n<p>Resoluci\u00f3n de la c\u00e1mara:<br \/>\nHasta 1,280 x 720 pixeles**<\/p>\n<p>Caracter\u00edsticas de disparo:<br \/>\nAdmite panorama, HDR y otros modos de disparo;<br \/>\nadmite belleza, fotograf\u00eda de temporizaci\u00f3n, fotograf\u00eda de control de voz y otros entornos funcionales.<br \/>\n*Los pixeles de la foto pueden variar seg\u00fan el modo de disparo.<br \/>\n**Los pixeles de video de diferentes modos de disparo pueden ser diferentes, toma la situaci\u00f3n real como est\u00e1ndar.<\/p>\n<p>Bater\u00eda<br \/>\n5,100 mAh (typ.)<br \/>\n*La capacidad nominal de la bater\u00eda es de 5,100 mAh<br \/>\n*La bater\u00eda est\u00e1 integrada y no se puede quitar.<\/p>\n<p>*Valor t\u00edpico. La capacidad real puede variar ligeramente.<br \/>\nEsta capacidad es la capacidad nominal de la bater\u00eda. La capacidad real de la bater\u00eda para cada tel\u00e9fono individual puede estar ligeramente por encima o por debajo de la capacidad nominal de la bater\u00eda<\/p>\n<p>Carga<br \/>\nStandard charger supports 5V \/ 1A output<\/p>\n<p>Network<br \/>\nKobe2-L03:<br \/>\nLTE FDD:<br \/>\nB1 \/ B2 \/ B3 \/ B4 \/ B5 \/ B7 \/ B8 \/ B12 \/ B17 \/ B28 \/ B66<\/p>\n<p>TD-LTE:<br \/>\nB40<\/p>\n<p>UMTS:<br \/>\nB1 \/ B2 \/ B4 \/ B5 \/ B8<\/p>\n<p>GSM: B2 \/ B3 \/ B5 \/ B8<br \/>\n*La red y la banda de frecuencia pueden variar de una regi\u00f3n a otra, dependiendo del operador local y su ubicaci\u00f3n.<\/p>\n<p>Conectividad<br \/>\nWLAN:<br \/>\ncompatible, 802.11a\/b\/g\/n\/ac, 2.4G y 5G<\/p>\n<p>Bluetooth:<br \/>\nBT 5.0, Bluetooth Low Energy es compatible<\/p>\n<p>Transferencia de archivos Bluetooth:<br \/>\nsoportado<\/p>\n<p>Sincronizaci\u00f3n de datos de PC:<br \/>\nCompatible (con HiSuite preestablecido pero no instalado)<\/p>\n<p>OTG:<br \/>\nCompatible (corriente de salida m\u00e1xima 5V \/ 1A durante la fuente de alimentaci\u00f3n inversa)<\/p>\n<p>USB:<br \/>\nMicroUSB, USB 2.0<\/p>\n<p>GPS<br \/>\nGPS, A-GPS (no compatible con KOB2-W09), BDS, GLONASS, and GALILEO<\/p>\n<p>Sensores<br \/>\nSensor de Gravedad<\/p>\n<p>Audio<br \/>\nFormatos de Audio:<br \/>\n*.mp3,*.mid,*.amr,*.awb,*.3gp,*.mp4,*.m4a,*.aac,*.wav,*.ogg,*.flac,*.mkv<\/p>\n<p>Video<br \/>\nFormato de Video: *.3gp,*.mp4,*.webm,*.mkv<\/p>\n<p>Microfono<br \/>\n1 micr\u00f3fono<\/p>\n<p>Altavoz<br \/>\n1 speaker<\/p>\n<p>LOCATION<br \/>\nGPS, AGPS (not supported by KOB2-W09), GLONASS, BeiDou<\/p>\n<p>Micr\u00f3fonos<br \/>\n1 micr\u00f3fono<\/p>\n<p>En la caja<br \/>\nTableta (bater\u00eda incorporada)<br \/>\nCargador<br \/>\nCable micro USB<br \/>\nGu\u00eda de inicio r\u00e1pido<br \/>\nTarjeta de garant\u00eda<br \/>\nHerramienta de expulsi\u00f3n.<\/p>\n<p>*La lista de empaque final estar\u00e1 sujeta al objeto material.<\/p>\n<\/div>\n","protected":false},"excerpt":{"rendered":"&nbsp;\r\n<div class=\"elementor-element elementor-element-4ee58b5 elementor-widget elementor-widget-text-editor\" data-id=\"4ee58b5\" data-element_type=\"widget\" data-widget_type=\"text-editor.default\">\r\n<div class=\"elementor-widget-container\">\r\n\r\n<strong>Procesador potente, <\/strong><strong>gran rendimiento<\/strong>\r\n\r\n<\/div>\r\n<\/div>\r\n<div class=\"elementor-element elementor-element-6fcc478 elementor-widget elementor-widget-text-editor\" data-id=\"6fcc478\" data-element_type=\"widget\" data-widget_type=\"text-editor.default\">\r\n<div class=\"elementor-widget-container\">\r\n\r\nAl adoptar un chipset de ocho n\u00facleos avanzado, el HUAWEI MatePad T 8 ofrece velocidades de procesamiento r\u00e1pidas, lo que le permite realizar sus tareas cotidianas sin esfuerzo.\r\n\r\n<\/div>\r\n<\/div>","protected":false},"featured_media":1886,"template":"","meta":[],"product_cat":[66,65],"product_tag":[73],"class_list":{"0":"post-1885","1":"product","2":"type-product","3":"status-publish","4":"has-post-thumbnail","6":"product_cat-networking","7":"product_cat-seguridad-optimizadores-de-red","8":"product_tag-huawei-matepad-t8","10":"first","11":"instock","12":"shipping-taxable","13":"product-type-simple"},"_links":{"self":[{"href":"https:\/\/iseyco.com\/index.php?rest_route=\/wp\/v2\/product\/1885","targetHints":{"allow":["GET"]}}],"collection":[{"href":"https:\/\/iseyco.com\/index.php?rest_route=\/wp\/v2\/product"}],"about":[{"href":"https:\/\/iseyco.com\/index.php?rest_route=\/wp\/v2\/types\/product"}],"wp:featuredmedia":[{"embeddable":true,"href":"https:\/\/iseyco.com\/index.php?rest_route=\/wp\/v2\/media\/1886"}],"wp:attachment":[{"href":"https:\/\/iseyco.com\/index.php?rest_route=%2Fwp%2Fv2%2Fmedia&parent=1885"}],"wp:term":[{"taxonomy":"product_cat","embeddable":true,"href":"https:\/\/iseyco.com\/index.php?rest_route=%2Fwp%2Fv2%2Fproduct_cat&post=1885"},{"taxonomy":"product_tag","embeddable":true,"href":"https:\/\/iseyco.com\/index.php?rest_route=%2Fwp%2Fv2%2Fproduct_tag&post=1885"}],"curies":[{"name":"wp","href":"https:\/\/api.w.org\/{rel}","templated":true}]}}